{"id":95,"date":"2025-07-31T18:32:18","date_gmt":"2025-07-31T16:32:18","guid":{"rendered":"https:\/\/brigittechapou.fr\/?page_id=95"},"modified":"2025-09-16T10:43:10","modified_gmt":"2025-09-16T08:43:10","slug":"composition-louvre","status":"publish","type":"page","link":"http:\/\/brigittechapou.fr\/index.php\/copies-et-composition-a-lhuile\/composition-louvre\/","title":{"rendered":"composition-Louvre"},"content":{"rendered":"\n<figure class=\"wp-block-image aligncenter size-full\"><img loading=\"lazy\" decoding=\"async\" width=\"500\" height=\"339\" src=\"https:\/\/brigittechapou.fr\/wp-content\/uploads\/2025\/07\/femmescourantweb.jpg\" alt=\"\" class=\"wp-image-96\" srcset=\"http:\/\/brigittechapou.fr\/wp-content\/uploads\/2025\/07\/femmescourantweb.jpg 500w, http:\/\/brigittechapou.fr\/wp-content\/uploads\/2025\/07\/femmescourantweb-300x203.jpg 300w\" sizes=\"auto, (max-width: 500px) 100vw, 500px\" \/><figcaption class=\"wp-element-caption\">Inspir\u00e9 des tableaux de Mantegna : Mars et v\u00e9nus et Minerve chassant les vices du jardin de la vertu et du tableau de Picasso : Femmes courant sur la plage<\/figcaption><\/figure>\n\n\n\n<p>Dans mon tableau \u00ab\u00a0La dame aux tigres\u00a0\u00bb, j&rsquo;ai install\u00e9 \u00able jeune tigre<br>jouant avec sa m\u00e8re\u00bb en compagnie de l&rsquo;un des personnages de \u00abla prise de<br>Constantinople par les crois\u00e9s\u00bb. La dame allong\u00e9e \u00e0 la gauche du tableau<br>est venue se reposer parmi les f\u00e9lins en prenant avec elle le paysage dans<br>lequel elle se trouvait. Ces deux tableaux sont plac\u00e9s au Louvre l&rsquo;un \u00e0<br>c\u00f4t\u00e9 de l&rsquo;autre, ce qui m&rsquo;a permis la r\u00e9alisation de mon tableau.<br>Brigitte Chapou<\/p>\n\n\n\n<figure class=\"wp-block-image aligncenter size-full\"><img loading=\"lazy\" decoding=\"async\" width=\"500\" height=\"318\" src=\"https:\/\/brigittechapou.fr\/wp-content\/uploads\/2025\/07\/les-tigresweb.jpg\" alt=\"\" class=\"wp-image-97\" srcset=\"http:\/\/brigittechapou.fr\/wp-content\/uploads\/2025\/07\/les-tigresweb.jpg 500w, http:\/\/brigittechapou.fr\/wp-content\/uploads\/2025\/07\/les-tigresweb-300x191.jpg 300w\" sizes=\"auto, (max-width: 500px) 100vw, 500px\" \/><figcaption class=\"wp-element-caption\">La dame aux tigres, 116cm x 73cm, inspir\u00e9 des tableaux de Delacroix : <em>Le jeune tigre jouant avec sa m\u00e8re<\/em> et <em>La prise de Constantinople par les crois\u00e9s<\/em><\/figcaption><\/figure>\n\n\n\n<figure class=\"wp-block-image aligncenter size-full\"><img loading=\"lazy\" decoding=\"async\" width=\"500\" height=\"403\" src=\"https:\/\/brigittechapou.fr\/wp-content\/uploads\/2025\/07\/piedsweb.jpg\" alt=\"\" class=\"wp-image-98\" srcset=\"http:\/\/brigittechapou.fr\/wp-content\/uploads\/2025\/07\/piedsweb.jpg 500w, http:\/\/brigittechapou.fr\/wp-content\/uploads\/2025\/07\/piedsweb-300x242.jpg 300w\" sizes=\"auto, (max-width: 500px) 100vw, 500px\" \/><figcaption class=\"wp-element-caption\">D&rsquo;apr\u00e8s du tableau de Lebrun : <em>Le chancelier S\u00e9guier<\/em>, 80cm x 65cm<\/figcaption><\/figure>\n\n\n\n<figure class=\"wp-block-image aligncenter size-full\"><img loading=\"lazy\" decoding=\"async\" width=\"596\" height=\"408\" src=\"https:\/\/brigittechapou.fr\/wp-content\/uploads\/2025\/07\/IMG_3996Aweb.jpg\" alt=\"\" class=\"wp-image-99\" srcset=\"http:\/\/brigittechapou.fr\/wp-content\/uploads\/2025\/07\/IMG_3996Aweb.jpg 596w, http:\/\/brigittechapou.fr\/wp-content\/uploads\/2025\/07\/IMG_3996Aweb-300x205.jpg 300w\" sizes=\"auto, (max-width: 596px) 100vw, 596px\" \/><figcaption class=\"wp-element-caption\">D&rsquo;apr\u00e8s du tableau de Lebrun : <em>Le chancelier S\u00e9guier<\/em>, 80cm x 65cm<\/figcaption><\/figure>\n\n\n\n<figure class=\"wp-block-image aligncenter size-full\"><img loading=\"lazy\" decoding=\"async\" width=\"550\" height=\"288\" src=\"https:\/\/brigittechapou.fr\/wp-content\/uploads\/2025\/07\/chevauxweb.jpg\" alt=\"\" class=\"wp-image-100\" srcset=\"http:\/\/brigittechapou.fr\/wp-content\/uploads\/2025\/07\/chevauxweb.jpg 550w, http:\/\/brigittechapou.fr\/wp-content\/uploads\/2025\/07\/chevauxweb-300x157.jpg 300w\" sizes=\"auto, (max-width: 550px) 100vw, 550px\" \/><figcaption class=\"wp-element-caption\">85cm x 45,5cm, d&rsquo;apr\u00e8s les tableaux de G\u00e9ricault, <em>Cinq chevaux vus par la croupe dans une \u00e9curie<\/em>, <em>Cheval turc dans une \u00e9curie<\/em><\/figcaption><\/figure>\n","protected":false},"excerpt":{"rendered":"<p>Dans mon tableau \u00ab\u00a0La dame aux tigres\u00a0\u00bb, j&rsquo;ai install\u00e9 \u00able jeune tigrejouant avec sa m\u00e8re\u00bb en compagnie de l&rsquo;un des personnages de \u00abla prise deConstantinople par les crois\u00e9s\u00bb. La dame allong\u00e9e \u00e0 la gauche du tableauest venue se reposer parmi les f\u00e9lins en prenant avec elle le paysage danslequel elle se trouvait. Ces deux tableaux [&hellip;]<\/p>\n","protected":false},"author":1,"featured_media":0,"parent":156,"menu_order":0,"comment_status":"closed","ping_status":"closed","template":"","meta":{"footnotes":""},"class_list":["post-95","page","type-page","status-publish","hentry"],"_links":{"self":[{"href":"http:\/\/brigittechapou.fr\/index.php\/wp-json\/wp\/v2\/pages\/95","targetHints":{"allow":["GET"]}}],"collection":[{"href":"http:\/\/brigittechapou.fr\/index.php\/wp-json\/wp\/v2\/pages"}],"about":[{"href":"http:\/\/brigittechapou.fr\/index.php\/wp-json\/wp\/v2\/types\/page"}],"author":[{"embeddable":true,"href":"http:\/\/brigittechapou.fr\/index.php\/wp-json\/wp\/v2\/users\/1"}],"replies":[{"embeddable":true,"href":"http:\/\/brigittechapou.fr\/index.php\/wp-json\/wp\/v2\/comments?post=95"}],"version-history":[{"count":2,"href":"http:\/\/brigittechapou.fr\/index.php\/wp-json\/wp\/v2\/pages\/95\/revisions"}],"predecessor-version":[{"id":103,"href":"http:\/\/brigittechapou.fr\/index.php\/wp-json\/wp\/v2\/pages\/95\/revisions\/103"}],"up":[{"embeddable":true,"href":"http:\/\/brigittechapou.fr\/index.php\/wp-json\/wp\/v2\/pages\/156"}],"wp:attachment":[{"href":"http:\/\/brigittechapou.fr\/index.php\/wp-json\/wp\/v2\/media?parent=95"}],"curies":[{"name":"wp","href":"https:\/\/api.w.org\/{rel}","templated":true}]}}