{"id":80,"date":"2025-07-31T18:32:05","date_gmt":"2025-07-31T16:32:05","guid":{"rendered":"https:\/\/brigittechapou.fr\/?page_id=80"},"modified":"2025-09-16T10:42:43","modified_gmt":"2025-09-16T08:42:43","slug":"le-louvre","status":"publish","type":"page","link":"http:\/\/brigittechapou.fr\/index.php\/copies-et-composition-a-lhuile\/le-louvre\/","title":{"rendered":"Copies au Louvre"},"content":{"rendered":"\n<p class=\"has-text-align-left\"><em>Les copies de tableaux pr\u00e9sent\u00e9es ici sont essentiellement r\u00e9alis\u00e9es au Mus\u00e9e du Louvre. Travailler sur le tableau d&rsquo;un peintre pour en faire une \u00e9tude qui peut aller parfois jusqu&rsquo;\u00e0 la copie est comme travailler aupr\u00e8s d&rsquo;un ma\u00eetre silencieux dont il faut s&rsquo;approcher doucement  et patiemment <\/em>.<\/p>\n\n\n\n<p>Brigitte Chapou<\/p>\n\n\n\n<figure class=\"wp-block-image aligncenter size-full\"><img loading=\"lazy\" decoding=\"async\" width=\"400\" height=\"478\" src=\"https:\/\/brigittechapou.fr\/wp-content\/uploads\/2025\/07\/condotiere.jpg\" alt=\"\" class=\"wp-image-81\" srcset=\"http:\/\/brigittechapou.fr\/wp-content\/uploads\/2025\/07\/condotiere.jpg 400w, http:\/\/brigittechapou.fr\/wp-content\/uploads\/2025\/07\/condotiere-251x300.jpg 251w\" sizes=\"auto, (max-width: 400px) 100vw, 400px\" \/><figcaption class=\"wp-element-caption\">Portrait d&rsquo;homme dit \u00ab\u00a0Il<br>Condottiere\u00a0\u00bb , Antonello da Messina,<br>42cm x 35cm<\/figcaption><\/figure>\n\n\n\n<figure class=\"wp-block-image aligncenter size-full\"><img loading=\"lazy\" decoding=\"async\" width=\"399\" height=\"500\" src=\"http:\/\/brigittechapou.fr\/wp-content\/uploads\/2025\/07\/gbelliniweb.jpg\" alt=\"Bellin\" class=\"wp-image-82\" srcset=\"http:\/\/brigittechapou.fr\/wp-content\/uploads\/2025\/07\/gbelliniweb.jpg 399w, http:\/\/brigittechapou.fr\/wp-content\/uploads\/2025\/07\/gbelliniweb-239x300.jpg 239w\" sizes=\"auto, (max-width: 399px) 100vw, 399px\" \/><figcaption class=\"wp-element-caption\">Portrait<br>d&rsquo;homme , Giovani Bellini, 38cm x 29cm<\/figcaption><\/figure>\n\n\n\n<figure class=\"wp-block-image aligncenter size-full\"><img loading=\"lazy\" decoding=\"async\" width=\"400\" height=\"551\" src=\"https:\/\/brigittechapou.fr\/wp-content\/uploads\/2025\/07\/raphaelviergeweb.jpg\" alt=\"\" class=\"wp-image-86\" srcset=\"http:\/\/brigittechapou.fr\/wp-content\/uploads\/2025\/07\/raphaelviergeweb.jpg 400w, http:\/\/brigittechapou.fr\/wp-content\/uploads\/2025\/07\/raphaelviergeweb-218x300.jpg 218w\" sizes=\"auto, (max-width: 400px) 100vw, 400px\" \/><figcaption class=\"wp-element-caption\">La vierge au voile, Raphael<br>, 80cm x 58cm<\/figcaption><\/figure>\n\n\n\n<figure class=\"wp-block-image aligncenter size-full\"><img loading=\"lazy\" decoding=\"async\" width=\"299\" height=\"400\" src=\"https:\/\/brigittechapou.fr\/wp-content\/uploads\/2025\/07\/erasme2.jpg\" alt=\"\" class=\"wp-image-92\" srcset=\"http:\/\/brigittechapou.fr\/wp-content\/uploads\/2025\/07\/erasme2.jpg 299w, http:\/\/brigittechapou.fr\/wp-content\/uploads\/2025\/07\/erasme2-224x300.jpg 224w\" sizes=\"auto, (max-width: 299px) 100vw, 299px\" \/><figcaption class=\"wp-element-caption\">Erasme Holbein 31,5cm x 22cm<\/figcaption><\/figure>\n\n\n\n<figure class=\"wp-block-image aligncenter size-full\"><img loading=\"lazy\" decoding=\"async\" width=\"330\" height=\"235\" src=\"https:\/\/brigittechapou.fr\/wp-content\/uploads\/2025\/07\/chardin.jpg\" alt=\"\" class=\"wp-image-87\" srcset=\"http:\/\/brigittechapou.fr\/wp-content\/uploads\/2025\/07\/chardin.jpg 330w, http:\/\/brigittechapou.fr\/wp-content\/uploads\/2025\/07\/chardin-300x214.jpg 300w\" sizes=\"auto, (max-width: 330px) 100vw, 330px\" \/><figcaption class=\"wp-element-caption\">Nature morte ,<br>Jean Sim\u00e9on Chardin, 22cm x 16cm<\/figcaption><\/figure>\n\n\n\n<figure class=\"wp-block-image aligncenter size-full\"><img loading=\"lazy\" decoding=\"async\" width=\"600\" height=\"400\" src=\"https:\/\/brigittechapou.fr\/wp-content\/uploads\/2025\/07\/laraie.jpg\" alt=\"\" class=\"wp-image-88\" srcset=\"http:\/\/brigittechapou.fr\/wp-content\/uploads\/2025\/07\/laraie.jpg 600w, http:\/\/brigittechapou.fr\/wp-content\/uploads\/2025\/07\/laraie-300x200.jpg 300w\" sizes=\"auto, (max-width: 600px) 100vw, 600px\" \/><figcaption class=\"wp-element-caption\">La Raie , Jean Sim\u00e9on Chardin, 80cm x 65cm<\/figcaption><\/figure>\n\n\n\n<figure class=\"wp-block-image aligncenter size-full\"><img loading=\"lazy\" decoding=\"async\" width=\"500\" height=\"378\" src=\"https:\/\/brigittechapou.fr\/wp-content\/uploads\/2025\/07\/gericault.jpg\" alt=\"\" class=\"wp-image-89\" srcset=\"http:\/\/brigittechapou.fr\/wp-content\/uploads\/2025\/07\/gericault.jpg 500w, http:\/\/brigittechapou.fr\/wp-content\/uploads\/2025\/07\/gericault-300x227.jpg 300w\" sizes=\"auto, (max-width: 500px) 100vw, 500px\" \/><figcaption class=\"wp-element-caption\">Sc\u00e8ne de d\u00e9luge, G\u00e9ricault, 66cm x 50cm<\/figcaption><\/figure>\n\n\n\n<figure class=\"wp-block-image aligncenter size-full\"><img loading=\"lazy\" decoding=\"async\" width=\"382\" height=\"600\" src=\"https:\/\/brigittechapou.fr\/wp-content\/uploads\/2025\/07\/damebleueweb.jpg\" alt=\"\" class=\"wp-image-90\" srcset=\"http:\/\/brigittechapou.fr\/wp-content\/uploads\/2025\/07\/damebleueweb.jpg 382w, http:\/\/brigittechapou.fr\/wp-content\/uploads\/2025\/07\/damebleueweb-191x300.jpg 191w\" sizes=\"auto, (max-width: 382px) 100vw, 382px\" \/><figcaption class=\"wp-element-caption\">la dame en bleu, Corot, 65cm x 40cm<\/figcaption><\/figure>\n\n\n\n<figure class=\"wp-block-image aligncenter size-full\"><img loading=\"lazy\" decoding=\"async\" width=\"400\" height=\"307\" src=\"https:\/\/brigittechapou.fr\/wp-content\/uploads\/2025\/07\/delacroix_souliote.jpg\" alt=\"\" class=\"wp-image-91\" srcset=\"http:\/\/brigittechapou.fr\/wp-content\/uploads\/2025\/07\/delacroix_souliote.jpg 400w, http:\/\/brigittechapou.fr\/wp-content\/uploads\/2025\/07\/delacroix_souliote-300x230.jpg 300w\" sizes=\"auto, (max-width: 400px) 100vw, 400px\" \/><figcaption class=\"wp-element-caption\">Deux \u00e9tudes de costumes<br>souliotes Delacroix 36,5cm x 28cm<\/figcaption><\/figure>\n\n\n\n<p><\/p>\n","protected":false},"excerpt":{"rendered":"<p>Les copies de tableaux pr\u00e9sent\u00e9es ici sont essentiellement r\u00e9alis\u00e9es au Mus\u00e9e du Louvre. Travailler sur le tableau d&rsquo;un peintre pour en faire une \u00e9tude qui peut aller parfois jusqu&rsquo;\u00e0 la copie est comme travailler aupr\u00e8s d&rsquo;un ma\u00eetre silencieux dont il faut s&rsquo;approcher doucement et patiemment . Brigitte Chapou<\/p>\n","protected":false},"author":1,"featured_media":0,"parent":156,"menu_order":0,"comment_status":"closed","ping_status":"closed","template":"","meta":{"footnotes":""},"class_list":["post-80","page","type-page","status-publish","hentry"],"_links":{"self":[{"href":"http:\/\/brigittechapou.fr\/index.php\/wp-json\/wp\/v2\/pages\/80","targetHints":{"allow":["GET"]}}],"collection":[{"href":"http:\/\/brigittechapou.fr\/index.php\/wp-json\/wp\/v2\/pages"}],"about":[{"href":"http:\/\/brigittechapou.fr\/index.php\/wp-json\/wp\/v2\/types\/page"}],"author":[{"embeddable":true,"href":"http:\/\/brigittechapou.fr\/index.php\/wp-json\/wp\/v2\/users\/1"}],"replies":[{"embeddable":true,"href":"http:\/\/brigittechapou.fr\/index.php\/wp-json\/wp\/v2\/comments?post=80"}],"version-history":[{"count":9,"href":"http:\/\/brigittechapou.fr\/index.php\/wp-json\/wp\/v2\/pages\/80\/revisions"}],"predecessor-version":[{"id":159,"href":"http:\/\/brigittechapou.fr\/index.php\/wp-json\/wp\/v2\/pages\/80\/revisions\/159"}],"up":[{"embeddable":true,"href":"http:\/\/brigittechapou.fr\/index.php\/wp-json\/wp\/v2\/pages\/156"}],"wp:attachment":[{"href":"http:\/\/brigittechapou.fr\/index.php\/wp-json\/wp\/v2\/media?parent=80"}],"curies":[{"name":"wp","href":"https:\/\/api.w.org\/{rel}","templated":true}]}}