{"id":41,"date":"2025-05-28T17:04:20","date_gmt":"2025-05-28T15:04:20","guid":{"rendered":"https:\/\/brigittechapou.fr\/?page_id=41"},"modified":"2025-05-29T12:28:11","modified_gmt":"2025-05-29T10:28:11","slug":"lame-du-soir","status":"publish","type":"page","link":"http:\/\/brigittechapou.fr\/index.php\/livres-dartiste\/lame-du-soir\/","title":{"rendered":"Lame du soir"},"content":{"rendered":"\n<p>Pages 1 \u00e0 7<\/p>\n\n\n\n<figure class=\"wp-block-image size-large is-resized is-style-default\" style=\"margin-top:0;margin-right:0;margin-bottom:0;margin-left:0\"><img loading=\"lazy\" decoding=\"async\" width=\"1024\" height=\"723\" src=\"https:\/\/brigittechapou.fr\/wp-content\/uploads\/2025\/05\/p1-Lame-du-soir-mars2018-1-1024x723.jpg\" alt=\"\" class=\"wp-image-42\" style=\"width:294px\" srcset=\"http:\/\/brigittechapou.fr\/wp-content\/uploads\/2025\/05\/p1-Lame-du-soir-mars2018-1-1024x723.jpg 1024w, http:\/\/brigittechapou.fr\/wp-content\/uploads\/2025\/05\/p1-Lame-du-soir-mars2018-1-300x212.jpg 300w, http:\/\/brigittechapou.fr\/wp-content\/uploads\/2025\/05\/p1-Lame-du-soir-mars2018-1-768x543.jpg 768w, http:\/\/brigittechapou.fr\/wp-content\/uploads\/2025\/05\/p1-Lame-du-soir-mars2018-1-1536x1085.jpg 1536w, http:\/\/brigittechapou.fr\/wp-content\/uploads\/2025\/05\/p1-Lame-du-soir-mars2018-1-rotated.jpg 1754w\" sizes=\"auto, (max-width: 1024px) 100vw, 1024px\" \/><\/figure>\n\n\n\n<figure class=\"wp-block-gallery has-nested-images columns-default is-cropped wp-block-gallery-1 is-layout-flex wp-block-gallery-is-layout-flex\">\n<figure class=\"wp-block-image size-large\"><img loading=\"lazy\" decoding=\"async\" width=\"1024\" height=\"351\" data-id=\"44\" src=\"https:\/\/brigittechapou.fr\/wp-content\/uploads\/2025\/05\/Pag-2-3-1024x351.png\" alt=\"\" class=\"wp-image-44\" srcset=\"http:\/\/brigittechapou.fr\/wp-content\/uploads\/2025\/05\/Pag-2-3-1024x351.png 1024w, http:\/\/brigittechapou.fr\/wp-content\/uploads\/2025\/05\/Pag-2-3-300x103.png 300w, http:\/\/brigittechapou.fr\/wp-content\/uploads\/2025\/05\/Pag-2-3-768x263.png 768w, http:\/\/brigittechapou.fr\/wp-content\/uploads\/2025\/05\/Pag-2-3-1536x526.png 1536w, http:\/\/brigittechapou.fr\/wp-content\/uploads\/2025\/05\/Pag-2-3.png 1630w\" sizes=\"auto, (max-width: 1024px) 100vw, 1024px\" \/><\/figure>\n<\/figure>\n\n\n\n<figure class=\"wp-block-gallery has-nested-images columns-default is-cropped wp-block-gallery-2 is-layout-flex wp-block-gallery-is-layout-flex\">\n<figure class=\"wp-block-image size-large\"><img loading=\"lazy\" decoding=\"async\" width=\"1024\" height=\"362\" data-id=\"51\" src=\"https:\/\/brigittechapou.fr\/wp-content\/uploads\/2025\/05\/Pag-4-5-1024x362.jpg\" alt=\"\" class=\"wp-image-51\" srcset=\"http:\/\/brigittechapou.fr\/wp-content\/uploads\/2025\/05\/Pag-4-5-1024x362.jpg 1024w, http:\/\/brigittechapou.fr\/wp-content\/uploads\/2025\/05\/Pag-4-5-300x106.jpg 300w, http:\/\/brigittechapou.fr\/wp-content\/uploads\/2025\/05\/Pag-4-5-768x272.jpg 768w, http:\/\/brigittechapou.fr\/wp-content\/uploads\/2025\/05\/Pag-4-5-1536x543.jpg 1536w, http:\/\/brigittechapou.fr\/wp-content\/uploads\/2025\/05\/Pag-4-5-2048x724.jpg 2048w\" sizes=\"auto, (max-width: 1024px) 100vw, 1024px\" \/><\/figure>\n<\/figure>\n\n\n\n<figure class=\"wp-block-image size-large\"><img loading=\"lazy\" decoding=\"async\" width=\"1024\" height=\"362\" src=\"https:\/\/brigittechapou.fr\/wp-content\/uploads\/2025\/05\/Pag-6-7-1024x362.jpg\" alt=\"\" class=\"wp-image-52\" srcset=\"http:\/\/brigittechapou.fr\/wp-content\/uploads\/2025\/05\/Pag-6-7-1024x362.jpg 1024w, http:\/\/brigittechapou.fr\/wp-content\/uploads\/2025\/05\/Pag-6-7-300x106.jpg 300w, http:\/\/brigittechapou.fr\/wp-content\/uploads\/2025\/05\/Pag-6-7-768x272.jpg 768w, http:\/\/brigittechapou.fr\/wp-content\/uploads\/2025\/05\/Pag-6-7-1536x543.jpg 1536w, http:\/\/brigittechapou.fr\/wp-content\/uploads\/2025\/05\/Pag-6-7-2048x724.jpg 2048w\" sizes=\"auto, (max-width: 1024px) 100vw, 1024px\" \/><\/figure>\n\n\n\n<p>Pages 14 \u00e0 23<\/p>\n\n\n\n<figure class=\"wp-block-image size-large\"><img loading=\"lazy\" decoding=\"async\" width=\"1024\" height=\"362\" src=\"https:\/\/brigittechapou.fr\/wp-content\/uploads\/2025\/05\/Pag-14-15-1024x362.jpg\" alt=\"\" class=\"wp-image-54\" srcset=\"http:\/\/brigittechapou.fr\/wp-content\/uploads\/2025\/05\/Pag-14-15-1024x362.jpg 1024w, http:\/\/brigittechapou.fr\/wp-content\/uploads\/2025\/05\/Pag-14-15-300x106.jpg 300w, http:\/\/brigittechapou.fr\/wp-content\/uploads\/2025\/05\/Pag-14-15-768x272.jpg 768w, http:\/\/brigittechapou.fr\/wp-content\/uploads\/2025\/05\/Pag-14-15-1536x543.jpg 1536w, http:\/\/brigittechapou.fr\/wp-content\/uploads\/2025\/05\/Pag-14-15-2048x724.jpg 2048w\" sizes=\"auto, (max-width: 1024px) 100vw, 1024px\" \/><\/figure>\n\n\n\n<figure class=\"wp-block-image size-large\"><img loading=\"lazy\" decoding=\"async\" width=\"1024\" height=\"362\" src=\"https:\/\/brigittechapou.fr\/wp-content\/uploads\/2025\/05\/Pag-16-17-1024x362.jpg\" alt=\"\" class=\"wp-image-55\" srcset=\"http:\/\/brigittechapou.fr\/wp-content\/uploads\/2025\/05\/Pag-16-17-1024x362.jpg 1024w, http:\/\/brigittechapou.fr\/wp-content\/uploads\/2025\/05\/Pag-16-17-300x106.jpg 300w, http:\/\/brigittechapou.fr\/wp-content\/uploads\/2025\/05\/Pag-16-17-768x272.jpg 768w, http:\/\/brigittechapou.fr\/wp-content\/uploads\/2025\/05\/Pag-16-17-1536x543.jpg 1536w, http:\/\/brigittechapou.fr\/wp-content\/uploads\/2025\/05\/Pag-16-17-2048x724.jpg 2048w\" sizes=\"auto, (max-width: 1024px) 100vw, 1024px\" \/><\/figure>\n\n\n\n<figure class=\"wp-block-image size-large\"><img loading=\"lazy\" decoding=\"async\" width=\"1024\" height=\"362\" src=\"https:\/\/brigittechapou.fr\/wp-content\/uploads\/2025\/05\/Pag-18-19-1024x362.jpg\" alt=\"\" class=\"wp-image-56\" srcset=\"http:\/\/brigittechapou.fr\/wp-content\/uploads\/2025\/05\/Pag-18-19-1024x362.jpg 1024w, http:\/\/brigittechapou.fr\/wp-content\/uploads\/2025\/05\/Pag-18-19-300x106.jpg 300w, http:\/\/brigittechapou.fr\/wp-content\/uploads\/2025\/05\/Pag-18-19-768x272.jpg 768w, http:\/\/brigittechapou.fr\/wp-content\/uploads\/2025\/05\/Pag-18-19-1536x543.jpg 1536w, http:\/\/brigittechapou.fr\/wp-content\/uploads\/2025\/05\/Pag-18-19-2048x724.jpg 2048w\" sizes=\"auto, (max-width: 1024px) 100vw, 1024px\" \/><\/figure>\n\n\n\n<figure class=\"wp-block-image size-large\"><img loading=\"lazy\" decoding=\"async\" width=\"1024\" height=\"362\" src=\"https:\/\/brigittechapou.fr\/wp-content\/uploads\/2025\/05\/Pag-20-21-1024x362.jpg\" alt=\"\" class=\"wp-image-57\" srcset=\"http:\/\/brigittechapou.fr\/wp-content\/uploads\/2025\/05\/Pag-20-21-1024x362.jpg 1024w, http:\/\/brigittechapou.fr\/wp-content\/uploads\/2025\/05\/Pag-20-21-300x106.jpg 300w, http:\/\/brigittechapou.fr\/wp-content\/uploads\/2025\/05\/Pag-20-21-768x272.jpg 768w, http:\/\/brigittechapou.fr\/wp-content\/uploads\/2025\/05\/Pag-20-21-1536x543.jpg 1536w, http:\/\/brigittechapou.fr\/wp-content\/uploads\/2025\/05\/Pag-20-21-2048x724.jpg 2048w\" sizes=\"auto, (max-width: 1024px) 100vw, 1024px\" \/><\/figure>\n\n\n\n<figure class=\"wp-block-image size-large\"><img loading=\"lazy\" decoding=\"async\" width=\"1024\" height=\"362\" src=\"https:\/\/brigittechapou.fr\/wp-content\/uploads\/2025\/05\/Pag-22-23-1024x362.jpg\" alt=\"\" class=\"wp-image-58\" srcset=\"http:\/\/brigittechapou.fr\/wp-content\/uploads\/2025\/05\/Pag-22-23-1024x362.jpg 1024w, http:\/\/brigittechapou.fr\/wp-content\/uploads\/2025\/05\/Pag-22-23-300x106.jpg 300w, http:\/\/brigittechapou.fr\/wp-content\/uploads\/2025\/05\/Pag-22-23-768x272.jpg 768w, http:\/\/brigittechapou.fr\/wp-content\/uploads\/2025\/05\/Pag-22-23-1536x543.jpg 1536w, http:\/\/brigittechapou.fr\/wp-content\/uploads\/2025\/05\/Pag-22-23-2048x724.jpg 2048w\" sizes=\"auto, (max-width: 1024px) 100vw, 1024px\" \/><\/figure>\n\n\n\n<p>Pages 28 \u00e0 33<\/p>\n\n\n\n<figure class=\"wp-block-image size-large\"><img loading=\"lazy\" decoding=\"async\" width=\"1024\" height=\"362\" src=\"https:\/\/brigittechapou.fr\/wp-content\/uploads\/2025\/05\/Pag-28-29-1024x362.jpg\" alt=\"\" class=\"wp-image-59\" srcset=\"http:\/\/brigittechapou.fr\/wp-content\/uploads\/2025\/05\/Pag-28-29-1024x362.jpg 1024w, http:\/\/brigittechapou.fr\/wp-content\/uploads\/2025\/05\/Pag-28-29-300x106.jpg 300w, http:\/\/brigittechapou.fr\/wp-content\/uploads\/2025\/05\/Pag-28-29-768x272.jpg 768w, http:\/\/brigittechapou.fr\/wp-content\/uploads\/2025\/05\/Pag-28-29-1536x543.jpg 1536w, http:\/\/brigittechapou.fr\/wp-content\/uploads\/2025\/05\/Pag-28-29-2048x724.jpg 2048w\" sizes=\"auto, (max-width: 1024px) 100vw, 1024px\" \/><\/figure>\n\n\n\n<figure class=\"wp-block-image size-large\"><img loading=\"lazy\" decoding=\"async\" width=\"1024\" height=\"362\" src=\"https:\/\/brigittechapou.fr\/wp-content\/uploads\/2025\/05\/Pag-30-31-1024x362.jpg\" alt=\"\" class=\"wp-image-60\" srcset=\"http:\/\/brigittechapou.fr\/wp-content\/uploads\/2025\/05\/Pag-30-31-1024x362.jpg 1024w, http:\/\/brigittechapou.fr\/wp-content\/uploads\/2025\/05\/Pag-30-31-300x106.jpg 300w, http:\/\/brigittechapou.fr\/wp-content\/uploads\/2025\/05\/Pag-30-31-768x272.jpg 768w, http:\/\/brigittechapou.fr\/wp-content\/uploads\/2025\/05\/Pag-30-31-1536x543.jpg 1536w, http:\/\/brigittechapou.fr\/wp-content\/uploads\/2025\/05\/Pag-30-31-2048x724.jpg 2048w\" sizes=\"auto, (max-width: 1024px) 100vw, 1024px\" \/><\/figure>\n\n\n\n<figure class=\"wp-block-image size-large\"><img loading=\"lazy\" decoding=\"async\" width=\"1024\" height=\"362\" src=\"https:\/\/brigittechapou.fr\/wp-content\/uploads\/2025\/05\/Pag-32-33-1024x362.jpg\" alt=\"\" class=\"wp-image-61\" srcset=\"http:\/\/brigittechapou.fr\/wp-content\/uploads\/2025\/05\/Pag-32-33-1024x362.jpg 1024w, http:\/\/brigittechapou.fr\/wp-content\/uploads\/2025\/05\/Pag-32-33-300x106.jpg 300w, http:\/\/brigittechapou.fr\/wp-content\/uploads\/2025\/05\/Pag-32-33-768x272.jpg 768w, http:\/\/brigittechapou.fr\/wp-content\/uploads\/2025\/05\/Pag-32-33-1536x543.jpg 1536w, http:\/\/brigittechapou.fr\/wp-content\/uploads\/2025\/05\/Pag-32-33-2048x724.jpg 2048w\" sizes=\"auto, (max-width: 1024px) 100vw, 1024px\" \/><\/figure>\n\n\n\n<p>Pages 52 et 53<\/p>\n\n\n\n<figure class=\"wp-block-image size-large\"><img loading=\"lazy\" decoding=\"async\" width=\"1024\" height=\"362\" src=\"https:\/\/brigittechapou.fr\/wp-content\/uploads\/2025\/05\/Pag-52-53-1024x362.jpg\" alt=\"\" class=\"wp-image-62\" srcset=\"http:\/\/brigittechapou.fr\/wp-content\/uploads\/2025\/05\/Pag-52-53-1024x362.jpg 1024w, http:\/\/brigittechapou.fr\/wp-content\/uploads\/2025\/05\/Pag-52-53-300x106.jpg 300w, http:\/\/brigittechapou.fr\/wp-content\/uploads\/2025\/05\/Pag-52-53-768x272.jpg 768w, http:\/\/brigittechapou.fr\/wp-content\/uploads\/2025\/05\/Pag-52-53-1536x543.jpg 1536w, http:\/\/brigittechapou.fr\/wp-content\/uploads\/2025\/05\/Pag-52-53-2048x724.jpg 2048w\" sizes=\"auto, (max-width: 1024px) 100vw, 1024px\" \/><\/figure>\n","protected":false},"excerpt":{"rendered":"<p>Pages 1 \u00e0 7 Pages 14 \u00e0 23 Pages 28 \u00e0 33 Pages 52 et 53<\/p>\n","protected":false},"author":1,"featured_media":0,"parent":30,"menu_order":0,"comment_status":"closed","ping_status":"closed","template":"","meta":{"footnotes":""},"class_list":["post-41","page","type-page","status-publish","hentry"],"_links":{"self":[{"href":"http:\/\/brigittechapou.fr\/index.php\/wp-json\/wp\/v2\/pages\/41","targetHints":{"allow":["GET"]}}],"collection":[{"href":"http:\/\/brigittechapou.fr\/index.php\/wp-json\/wp\/v2\/pages"}],"about":[{"href":"http:\/\/brigittechapou.fr\/index.php\/wp-json\/wp\/v2\/types\/page"}],"author":[{"embeddable":true,"href":"http:\/\/brigittechapou.fr\/index.php\/wp-json\/wp\/v2\/users\/1"}],"replies":[{"embeddable":true,"href":"http:\/\/brigittechapou.fr\/index.php\/wp-json\/wp\/v2\/comments?post=41"}],"version-history":[{"count":5,"href":"http:\/\/brigittechapou.fr\/index.php\/wp-json\/wp\/v2\/pages\/41\/revisions"}],"predecessor-version":[{"id":74,"href":"http:\/\/brigittechapou.fr\/index.php\/wp-json\/wp\/v2\/pages\/41\/revisions\/74"}],"up":[{"embeddable":true,"href":"http:\/\/brigittechapou.fr\/index.php\/wp-json\/wp\/v2\/pages\/30"}],"wp:attachment":[{"href":"http:\/\/brigittechapou.fr\/index.php\/wp-json\/wp\/v2\/media?parent=41"}],"curies":[{"name":"wp","href":"https:\/\/api.w.org\/{rel}","templated":true}]}}